{"id":220,"date":"2017-03-10T02:46:25","date_gmt":"2017-03-10T01:46:25","guid":{"rendered":"http:\/\/enes.nl\/?page_id=220"},"modified":"2019-01-07T15:24:28","modified_gmt":"2019-01-07T14:24:28","slug":"hakkimizda","status":"publish","type":"page","link":"https:\/\/enes.nl\/de\/hakkimizda","title":{"rendered":"\u00dcber uns"},"content":{"rendered":"<p>[vc_row][vc_column offset=&#8221;vc_col-md-6&#8243;][g5plus_heading title=&#8221;Willkommen auf unserer Website!&#8221; text_size=&#8221;text-small&#8221; text_font=&#8221;b-font&#8221; sub_title=&#8221;sub_title_line&#8221; align=&#8221;text-left&#8221; el_class=&#8221;mg-bottom-10&#8243;][vc_empty_space height=&#8221;480&#8243; css=&#8221;.vc_custom_1495742685620{background-image: url(http:\/\/enes.nl\/wp-content\/uploads\/Vizyon_Ofis.jpg?id=4167) !important;background-position: center !important;background-repeat: no-repeat !important;background-size: cover !important;}&#8221;][g5plus_space desktop=&#8221;0&#8243; tablet=&#8221;30&#8243; tablet_portrait=&#8221;30&#8243; mobile_landscape=&#8221;30&#8243; mobile=&#8221;30&#8243;][\/vc_column][vc_column offset=&#8221;vc_col-md-6&#8243;][vc_column_text]Die Geschichte von <strong>ENES Obst und Gem\u00fcse<\/strong> beginnt im Jahre 2004 auf einer Fl\u00e4che von 300m\u00b2. Heute arbeiten wir auf einer Fl\u00e4che von 9000m\u00b2 in einem kleinen Stadtteil von Venlo namens Grubbenhorst. Seitdem arbeiten wir mit hoher Geschwindigkeit daran, Ihnen noch besseren Service und bessere Qualit\u00e4t liefern zu k\u00f6nnen.<\/p>\n<p>Das Ziel unseres Unternehmens bei der Gr\u00fcndung war es, ein Import- und Export-Gro\u00dfhandel zu werden. Noch heute halten wir uns an diesen Vorsatz und stechen im Vergleich zu unseren holl\u00e4ndischen und europ\u00e4ischen Konkurrenten insbesondere dadurch hervor, dass wir in Bezug auf <strong>Qualit\u00e4t<\/strong>, <strong>guten Service<\/strong> und <strong>Auswahl<\/strong> keinerlei Abstriche machen und es unser gr\u00f6\u00dftes Ziel ist, Sie als <strong>Kunden zufriedenzustellen<\/strong>.<\/p>\n<p>Neben unserem Cash &amp; Carry-Prinzip, welches in Puncto Auswahl und Kundenfreundlichkeit keine Grenzen kennt, haben wir unsere Aktivit\u00e4ten auch auf andere, f\u00fcr den Einzel- und Gro\u00dfhandel relevante Bereiche ausgeweitet bzw. uns auf bestimmte Themen konzentriert, um aktuellen Anforderungen gerecht zu werden.<br \/>\nDiese sind:<\/p>\n<ul>\n<li>Personalentwicklung<\/li>\n<li>Pazar ara\u015ft\u0131rmas\u0131<\/li>\n<li>Marktforschung<\/li>\n<li>Beste Preise und Qualit\u00e4t<\/li>\n<li>Gesunde, frische Lebensmittel<\/li>\n<li>Zertifizierte Artikel<\/li>\n<\/ul>\n<p>Eine vertrauensw\u00fcrdige Unternehmensstruktur[\/vc_column_text][\/vc_column][\/vc_row][vc_row][vc_column offset=&#8221;vc_col-md-6&#8243;][vc_column_text]Als <strong>ENES Obst und Gem\u00fcse<\/strong> ist es unser Ziel, Ihnen immer qualitativere und ges\u00fcndere Lebensmittel anzubieten. Um diesem Ziel gerecht zu werden, werden unsere Produkte zur richtigen Zeit und in ihrer frischesten Form direkt aus ihren Ursprungsl\u00e4ndern importiert. Zu diesen L\u00e4ndern geh\u00f6ren \u00c4gypten, Belgien, Deutschland, Griechenland, Frankreich, Italien, Marokko, Niederlande, T\u00fcrkei, \u00d6sterreich, Spanien, Tunesien, Polen, Zypern, USA und vieles mehr.<br \/>\nUnter besten Transportbedingungen geliefert, stellen wir unsere Waren dem Kunden zu. Zu unseren Kunden z\u00e4hlen unter anderem Unternehmen aus der Gastronomie und dem Einzel- und Gro\u00dfhandel.<br \/>\nLebensmittel von vielen international anerkannten Marken wie etwa Huserfresh, Hatipoglu, Agrusan, Mifer, Vega Nostra, Yaku Fruit, Faybos gelangen so auf schnellstem Wege zu unseren Abnehmern in nahezu allen europ\u00e4ischen L\u00e4ndern wie Belgien, D\u00e4nemark, Deutschland, England, Luxemburg, Niederlande, Norwegen, \u00d6sterreich, Polen, Rum\u00e4nien, Russland, Schweden, Schweiz, T\u00fcrkei und viele andere mehr.<br \/>\nGro\u00dfen Anteil am Unternehmenserfolg haben unsere perfekt ausgebildeten, im Team agierenden und erfahrenen Mitarbeiter und Teammitglieder.<\/p>\n<p>Ihr,<br \/>\n<strong>ENES Obst und Gem\u00fcse<\/strong>[\/vc_column_text][\/vc_column][vc_column offset=&#8221;vc_col-md-6&#8243;][vc_empty_space height=&#8221;450&#8243; css=&#8221;.vc_custom_1495746457036{background-image: url(http:\/\/enes.nl\/wp-content\/uploads\/Enes_Hakk\u0131nda.jpg?id=4172) !important;background-position: center !important;background-repeat: no-repeat !important;background-size: cover !important;}&#8221;][g5plus_space desktop=&#8221;0&#8243; tablet=&#8221;30&#8243; tablet_portrait=&#8221;30&#8243; mobile_landscape=&#8221;30&#8243; mobile=&#8221;30&#8243;][\/vc_column][\/vc_row][vc_row][vc_column][g5plus_space desktop=&#8221;60&#8243; tablet=&#8221;50&#8243; tablet_portrait=&#8221;40&#8243; mobile_landscape=&#8221;40&#8243; mobile=&#8221;40&#8243;][g5plus_heading title=&#8221;Unser Team&#8221; text_size=&#8221;text-small&#8221; text_font=&#8221;b-font&#8221; sub_title=&#8221;sub_title_line&#8221; css=&#8221;.vc_custom_1503780903986{margin-bottom: 38px !important;}&#8221;][\/vc_column][\/vc_row][vc_row][vc_column width=&#8221;1\/3&#8243;][g5plus_our_team ourteam_avatar=&#8221;4160&#8243; ourteam_position=&#8221;Gesch\u00e4ftsinhaber&#8221; ourteam_description=&#8221;Tel: +31 77 396 11 97<br \/>\nFax: +31 77 396 11 98<br \/>\nMobil: +31 64 320 11 11&#8243; ourteam_link=&#8221;url:%23||target:%20_blank|&#8221; socials=&#8221;%5B%7B%22icon_font%22%3A%22fa%20fa-facebook%22%2C%22social_link%22%3A%22url%3A%2523%7C%7C%7C%22%7D%2C%7B%22icon_font%22%3A%22fa%20fa-twitter%22%2C%22social_link%22%3A%22url%3A%2523%7C%7C%7C%22%7D%2C%7B%22icon_font%22%3A%22fa%20fa-google-plus%22%2C%22social_link%22%3A%22url%3A%2523%7C%7C%7C%22%7D%2C%7B%22icon_font%22%3A%22fa%20fa-youtube-play%22%7D%5D&#8221; ourteam_name=&#8221;H\u00fcseyin \u00c7ULDUR&#8221;][\/vc_column][vc_column width=&#8221;1\/3&#8243;][g5plus_our_team ourteam_avatar=&#8221;4161&#8243; ourteam_position=&#8221;Gesch\u00e4ftsinhaber&#8221; ourteam_description=&#8221;Tel: +31 77 396 11 96<br \/>\nFax: +31 77 396 11 98<br \/>\nMobil: +31 64 320 11 10&#8243; ourteam_link=&#8221;url:%23||target:%20_blank|&#8221; socials=&#8221;%5B%7B%22icon_font%22%3A%22fa%20fa-facebook%22%2C%22social_link%22%3A%22url%3A%2523%7C%7C%7C%22%7D%2C%7B%22icon_font%22%3A%22fa%20fa-twitter%22%2C%22social_link%22%3A%22url%3A%2523%7C%7C%7C%22%7D%2C%7B%22icon_font%22%3A%22fa%20fa-google-plus%22%2C%22social_link%22%3A%22url%3A%2523%7C%7C%7C%22%7D%2C%7B%22icon_font%22%3A%22fa%20fa-youtube-play%22%7D%5D&#8221; ourteam_name=&#8221;Erc\u00fcment SAKA&#8221;][\/vc_column][vc_column width=&#8221;1\/3&#8243;][g5plus_our_team ourteam_avatar=&#8221;4163&#8243; ourteam_position=&#8221;Buchhalter&#8221; ourteam_description=&#8221;Tel: +31 77 396 11 92<br \/>\nFax: +31 77 396 11 98<br \/>\nMail: bquicken@enes.nl&#8221; ourteam_link=&#8221;url:%23||target:%20_blank|&#8221; socials=&#8221;%5B%7B%22icon_font%22%3A%22fa%20fa-facebook%22%2C%22social_link%22%3A%22url%3A%2523%7C%7C%7C%22%7D%2C%7B%22icon_font%22%3A%22fa%20fa-twitter%22%2C%22social_link%22%3A%22url%3A%2523%7C%7C%7C%22%7D%2C%7B%22icon_font%22%3A%22fa%20fa-google-plus%22%2C%22social_link%22%3A%22url%3A%2523%7C%7C%7C%22%7D%2C%7B%22icon_font%22%3A%22fa%20fa-youtube-play%22%7D%5D&#8221; ourteam_name=&#8221;Harry van LIESHOUT&#8221;][\/vc_column][\/vc_row][vc_row][vc_column width=&#8221;1\/3&#8243;][g5plus_our_team ourteam_avatar=&#8221;4162&#8243; ourteam_position=&#8221;Buchhalter&#8221; ourteam_description=&#8221;Tel: +31 77 396 11 92<br \/>\nFax: +31 77 396 11 98<br \/>\nMail: bquicken@enes.nl&#8221; ourteam_link=&#8221;url:%23||target:%20_blank|&#8221; socials=&#8221;%5B%7B%22icon_font%22%3A%22fa%20fa-facebook%22%2C%22social_link%22%3A%22url%3A%2523%7C%7C%7C%22%7D%2C%7B%22icon_font%22%3A%22fa%20fa-twitter%22%2C%22social_link%22%3A%22url%3A%2523%7C%7C%7C%22%7D%2C%7B%22icon_font%22%3A%22fa%20fa-google-plus%22%2C%22social_link%22%3A%22url%3A%2523%7C%7C%7C%22%7D%2C%7B%22icon_font%22%3A%22fa%20fa-youtube-play%22%7D%5D&#8221; ourteam_name=&#8221;Bob QUICKEN&#8221;][\/vc_column][vc_column width=&#8221;1\/3&#8243;][g5plus_our_team ourteam_avatar=&#8221;4164&#8243; ourteam_position=&#8221;Buchhalter&#8221; ourteam_description=&#8221;Tel: +31 77 396 11 90<br \/>\nFax: +31 77 396 11 98<br \/>\nMail: meryem@enes.nl&#8221; ourteam_link=&#8221;url:%23||target:%20_blank|&#8221; socials=&#8221;%5B%7B%22icon_font%22%3A%22fa%20fa-facebook%22%2C%22social_link%22%3A%22url%3A%2523%7C%7C%7C%22%7D%2C%7B%22icon_font%22%3A%22fa%20fa-twitter%22%2C%22social_link%22%3A%22url%3A%2523%7C%7C%7C%22%7D%2C%7B%22icon_font%22%3A%22fa%20fa-google-plus%22%2C%22social_link%22%3A%22url%3A%2523%7C%7C%7C%22%7D%2C%7B%22icon_font%22%3A%22fa%20fa-youtube-play%22%7D%5D&#8221; ourteam_name=&#8221;Meryem YILDIZ&#8221;][\/vc_column][\/vc_row][vc_row][vc_column][g5plus_space desktop=&#8221;60&#8243; tablet=&#8221;50&#8243; tablet_portrait=&#8221;40&#8243; mobile_landscape=&#8221;40&#8243; mobile=&#8221;40&#8243;][g5plus_heading title=&#8221;UNSERE MISSION&#8221; text_size=&#8221;text-small&#8221; text_font=&#8221;b-font&#8221; sub_title=&#8221;sub_title_line&#8221; el_class=&#8221;mg-bottom-10&#8243;][\/vc_column][\/vc_row][vc_row][vc_column offset=&#8221;vc_col-md-6&#8243;][vc_column_text]Seit unserer Gr\u00fcndung befindet sich <strong>ENES Obst und Gem\u00fcse<\/strong> in einem stetigen Wachstum und versorgt den europ\u00e4ischen Markt mit Lebensmitteln aus aller Welt.<br \/>\nWir bei <strong>ENES Obst und Gem\u00fcse<\/strong> wissen, dass Erfahrung, Disziplin und Service die ausschlaggebenden Faktoren bei der Kundenentscheidung sind. F\u00fcr uns ist nichts wichtiger als die Kundenzufriedenheit. Diese erreichen wir durch eine ehrliche, vertrauensw\u00fcrdige, transparente und innovative Arbeitsweise.<br \/>\nBedingt durch diese Grundprinzipien sind unsere kurzfristigen Ziele:<\/p>\n<ul>\n<li>Wir sind uns st\u00e4ndig bewu\u00dft, dass sowohl die Natur als auch der Mensch in keiner Weise negativ durch unsere Handlungen beeintr\u00e4chtigt werden d\u00fcrfen.<\/li>\n<li>Die Natur braucht die Verantwortung des Menschen.<\/li>\n<li>Die Steigerung der Kunden- und Mitarbeiterzufriedenheit Das Anbieten von vertrauensw\u00fcrdigen Marken, die die n\u00f6tige Qualit\u00e4t aufweisen und ein faires Preis- Leistungsverh\u00e4ltnis bieten.<\/li>\n<li>Entwicklung neuer Systeme und Strategien, die unseren Service verbessern<\/li>\n<li>Steigerung des Produktkataloges und Erweiterung der Kundengruppen<\/li>\n<li>Der Aufbau einer Unternehmensstruktur, die dynamische und schnelle Entscheidungen erm\u00f6glicht.<\/li>\n<li>Vom Kunden gew\u00fcnschte Produkte zur gew\u00fcnschten Zeit zu einem guten Preis anbieten.<\/li>\n<\/ul>\n<p>[\/vc_column_text][\/vc_column][vc_column offset=&#8221;vc_col-md-6&#8243;][vc_empty_space height=&#8221;600&#8243; css=&#8221;.vc_custom_1495745546813{background-image: url(http:\/\/enes.nl\/wp-content\/uploads\/Enes_Misyon.jpg?id=4168) !important;background-position: center !important;background-repeat: no-repeat !important;background-size: cover !important;}&#8221;][g5plus_space desktop=&#8221;0&#8243; tablet=&#8221;30&#8243; tablet_portrait=&#8221;30&#8243; mobile_landscape=&#8221;30&#8243; mobile=&#8221;30&#8243;][\/vc_column][\/vc_row][vc_row][vc_column][g5plus_space desktop=&#8221;60&#8243; tablet=&#8221;50&#8243; tablet_portrait=&#8221;40&#8243; mobile_landscape=&#8221;40&#8243; mobile=&#8221;40&#8243;][g5plus_heading title=&#8221;UNSERE VISION&#8221; text_size=&#8221;text-small&#8221; text_font=&#8221;b-font&#8221; sub_title=&#8221;sub_title_line&#8221; el_class=&#8221;mg-bottom-10&#8243;][\/vc_column][\/vc_row][vc_row][vc_column offset=&#8221;vc_col-md-6&#8243;][vc_empty_space height=&#8221;250&#8243; css=&#8221;.vc_custom_1495745751867{background-image: url(http:\/\/enes.nl\/wp-content\/uploads\/Enes_Vizyon.jpg?id=4169) !important;background-position: center !important;background-repeat: no-repeat !important;background-size: cover !important;}&#8221;][g5plus_space desktop=&#8221;0&#8243; tablet=&#8221;30&#8243; tablet_portrait=&#8221;30&#8243; mobile_landscape=&#8221;30&#8243; mobile=&#8221;30&#8243;][\/vc_column][vc_column offset=&#8221;vc_col-md-6&#8243;][vc_column_text]Im Rahmen unseres Credos \u201e<strong>Qualitative Leistungen und schneller Service<\/strong>\u201c sind unsere langfristigen Ziele:<\/p>\n<ul>\n<li>Die Erh\u00f6hung der Filialanzahl in Europa und die Erweiterung unserer Leistungen auf andere Kontinente<\/li>\n<li>Angebot zeitgem\u00e4\u00dfer und akzeptierter Zahlungs- und Lieferungsm\u00f6glichkeiten<\/li>\n<li>Erweiterung des Warenportfolios, um unsere Kunden zufriedenzustellen.Durch die Erf\u00fcllung dieser Ziele wollen wir im Frischobst- und Gem\u00fcsesektor europ\u00e4ischer Marktf\u00fchrer werden und auch im au\u00dfereurop\u00e4ischen Ausland eine gr\u00f6\u00dfere Rolle spielen.<\/li>\n<\/ul>\n<p>[\/vc_column_text][\/vc_column][\/vc_row][vc_row][vc_column][g5plus_space desktop=&#8221;60&#8243; tablet=&#8221;50&#8243; tablet_portrait=&#8221;40&#8243; mobile_landscape=&#8221;40&#8243; mobile=&#8221;40&#8243;][g5plus_heading title=&#8221;TRANSPORT L\u00c4NDERN VON ENES B.V.&#8221; text_size=&#8221;text-small&#8221; text_font=&#8221;b-font&#8221; sub_title=&#8221;sub_title_line&#8221; el_class=&#8221;mg-bottom-10&#8243;][vc_empty_space height=&#8221;880&#8243; css=&#8221;.vc_custom_1495746118275{background-image: url(http:\/\/enes.nl\/wp-content\/uploads\/EnesBVninSevkiyatNoktalari.jpg?id=4170) !important;background-position: center !important;background-repeat: no-repeat !important;background-size: cover !important;}&#8221;][\/vc_column][\/vc_row]<\/p>","protected":false},"excerpt":{"rendered":"<p>[vc_row][vc_column offset=&#8221;vc_col-md-6&#8243;][g5plus_heading title=&#8221;Willkommen auf unserer Website!&#8221; text_size=&#8221;text-small&#8221; text_font=&#8221;b-font&#8221; sub_title=&#8221;sub_title_line&#8221; align=&#8221;text-left&#8221; el_class=&#8221;mg-bottom-10&#8243;][vc_empty_space height=&#8221;480&#8243; css=&#8221;.vc_custom_1495742685620{background-image: url(http:\/\/enes.nl\/wp-content\/uploads\/Vizyon_Ofis.jpg?id=4167) !important;background-position: center !important;background-repeat: no-repeat !important;background-size: cover !important;}&#8221;][g5plus_space desktop=&#8221;0&#8243; tablet=&#8221;30&#8243; tablet_portrait=&#8221;30&#8243; mobile_landscape=&#8221;30&#8243; mobile=&#8221;30&#8243;][\/vc_column][vc_column offset=&#8221;vc_col-md-6&#8243;][vc_column_text]Die Geschichte von ENES Obst und Gem\u00fcse beginnt im Jahre 2004 auf einer Fl\u00e4che von 300m\u00b2. Heute arbeiten wir auf einer Fl\u00e4che von 9000m\u00b2 in einem kleinen Stadtteil von [&hellip;]<\/p>\n","protected":false},"author":2,"featured_media":0,"parent":0,"menu_order":0,"comment_status":"closed","ping_status":"closed","template":"","meta":{"sharing_disabled":false,"switch_like_status":false,"spay_email":"","footnotes":""},"_links":{"self":[{"href":"https:\/\/enes.nl\/de\/wp-json\/wp\/v2\/pages\/220"}],"collection":[{"href":"https:\/\/enes.nl\/de\/wp-json\/wp\/v2\/pages"}],"about":[{"href":"https:\/\/enes.nl\/de\/wp-json\/wp\/v2\/types\/page"}],"author":[{"embeddable":true,"href":"https:\/\/enes.nl\/de\/wp-json\/wp\/v2\/users\/2"}],"replies":[{"embeddable":true,"href":"https:\/\/enes.nl\/de\/wp-json\/wp\/v2\/comments?post=220"}],"version-history":[{"count":15,"href":"https:\/\/enes.nl\/de\/wp-json\/wp\/v2\/pages\/220\/revisions"}],"predecessor-version":[{"id":4359,"href":"https:\/\/enes.nl\/de\/wp-json\/wp\/v2\/pages\/220\/revisions\/4359"}],"wp:attachment":[{"href":"https:\/\/enes.nl\/de\/wp-json\/wp\/v2\/media?parent=220"}],"curies":[{"name":"wp","href":"https:\/\/api.w.org\/{rel}","templated":true}]}}